{"id":124,"date":"2017-03-13T00:44:52","date_gmt":"2017-03-13T03:44:52","guid":{"rendered":"http:\/\/ciacafundo.com.br\/?page_id=124"},"modified":"2017-05-10T19:26:04","modified_gmt":"2017-05-10T22:26:04","slug":"contato","status":"publish","type":"page","link":"https:\/\/ciacafundo.com.br\/index.php\/contato\/","title":{"rendered":"Contato"},"content":{"rendered":"<p><img loading=\"lazy\" class=\"alignnone size-medium wp-image-63\" src=\"http:\/\/ciacafundo.com.br\/wp-content\/uploads\/2017\/01\/foto-capa-face-300x232.jpg\" alt=\"\" width=\"300\" height=\"232\" srcset=\"https:\/\/ciacafundo.com.br\/wp-content\/uploads\/2017\/01\/foto-capa-face-300x232.jpg 300w, https:\/\/ciacafundo.com.br\/wp-content\/uploads\/2017\/01\/foto-capa-face-768x593.jpg 768w, https:\/\/ciacafundo.com.br\/wp-content\/uploads\/2017\/01\/foto-capa-face-1024x791.jpg 1024w, https:\/\/ciacafundo.com.br\/wp-content\/uploads\/2017\/01\/foto-capa-face.jpg 1280w\" sizes=\"(max-width: 300px) 100vw, 300px\" \/><\/p>\n<p>Queremos ouvir sua opini\u00e3o, sugest\u00e3o, reclama\u00e7\u00e3o ou d\u00favida sobre a Cia Cafund\u00f3.<\/p>\n<p>Preencha o <strong>formul\u00e1rio<\/strong> abaixo com as informa\u00e7\u00f5es necess\u00e1rias.<\/p>\n<h4>E se quiser fazer um or\u00e7amento, teremos o maior prazer em fazer parte do seu evento.<\/h4>\n<p>Atendemos toda a regi\u00e3o do Distrito Federal e entorno.<\/p>\n<p>Se preferir <strong>ligue<\/strong> agora mesmo ou deixe sua mensagem\u00a0no <strong>WhatsApp<\/strong>:<\/p>\n<h3>(0xx61) 98525.1317<\/h3>\n<h3>(0xx61)\u00a0981074889<\/h3>\n<p>&nbsp;<\/p>\n<p><b><span style=\"font-family: Courier New;\">\r\n\r\n<div class=\"pirate_forms_container widget-no\" id=\"pirate_forms_container_default\">\r\n\t<!-- header -->\r\n\t\r\n\t<!-- thank you -->\r\n\t\r\n\t<div class=\"pirate_forms_wrap\">\r\n\t<!-- errors -->\r\n\t\r\n\t<!-- form -->\r\n\r\n\t\t<form\r\n\t\t\tmethod=\"post\"\r\n\t\t\tenctype=\"application\/x-www-form-urlencoded\"\r\n\t\t\tclass=\"pirate_forms  form_honeypot-on wordpress-nonce-on pirate-forms-contact-name-on pirate-forms-contact-email-on pirate-forms-contact-subject-on pirate-forms-contact-message-on pirate-forms-contact-submit-on pirate_forms_from_form-on\"\r\n\t\t\t\t\t>\r\n\t\t\t<div class=\"pirate_forms_three_inputs_wrap \">\r\n\t\r\n\r\n<div class=\"col-xs-12 pirate_forms_three_inputs form_field_wrap contact_name_wrap col-xs-12 col-sm-6 contact_name_wrap pirate_forms_three_inputs form_field_wrap\">\r\n\t\t<input type=\"text\" class=\"form-control\" id=\"pirate-forms-contact-name\" name=\"pirate-forms-contact-name\" class=\"\" placeholder=\"Seu nome\" required oninvalid=\"this.setCustomValidity('Insira seu nome')\" onchange=\"this.setCustomValidity('')\" value=\"\" >\r\n<\/div>\r\n\r\n\r\n<div class=\"col-xs-12 pirate_forms_three_inputs form_field_wrap contact_email_wrap col-xs-12 col-sm-6 contact_email_wrap pirate_forms_three_inputs form_field_wrap\">\r\n\t\t<input type=\"email\" class=\"form-control\" id=\"pirate-forms-contact-email\" name=\"pirate-forms-contact-email\" class=\"\" placeholder=\"Seu melhor e-mail\" required oninvalid=\"this.setCustomValidity('Insira um e-mail v\u00e1lido')\" onchange=\"this.setCustomValidity('')\" value=\"\" >\r\n<\/div>\r\n\r\n\r\n<div class=\"col-xs-12 pirate_forms_three_inputs form_field_wrap contact_subject_wrap col-xs-12 contact_subject_wrap pirate_forms_three_inputs form_field_wrap\">\r\n\t\t<input type=\"text\" class=\"form-control\" id=\"pirate-forms-contact-subject\" name=\"pirate-forms-contact-subject\" class=\"\" placeholder=\"Assunto\" required oninvalid=\"this.setCustomValidity('Coloque o assunto, por favor.')\" onchange=\"this.setCustomValidity('')\" value=\"\" >\r\n<\/div>\r\n\t\t\t<\/div>\r\n\r\n\t\r\n\r\n<div class=\"col-xs-12 form_field_wrap contact_message_wrap col-xs-12 contact_message_wrap pirate_forms_three_inputs form_field_wrap\">\r\n\t\t<textarea rows=\"5\" cols=\"30\" class=\"form-control\" id=\"pirate-forms-contact-message\" name=\"pirate-forms-contact-message\" class=\"\" placeholder=\"Sua mensagem\" required oninvalid=\"this.setCustomValidity('N\u00e3o esque\u00e7a sua mensagem!')\" onchange=\"this.setCustomValidity('')\" ><\/textarea>\r\n<\/div>\r\n\r\n\r\n<div class=\"col-xs-12 form_field_wrap contact_submit_wrap\">\r\n\t<button type=\"submit\" class=\"pirate-forms-submit-button btn btn-primary \" id=\"pirate-forms-contact-submit\" name=\"pirate-forms-contact-submit\" class=\"pirate-forms-submit-button btn btn-primary \" placeholder=\"\" >Enviar<\/button>\r\n<\/div>\r\n<input type=\"hidden\" id=\"pirate_forms_ajax\" name=\"pirate_forms_ajax\" class=\"\" placeholder=\"\"  value=\"0\"><div class=\"form_field_wrap hidden\" style=\"display: none\"><input type=\"text\" id=\"form_honeypot\" name=\"honeypot\" class=\"\" placeholder=\"\"  value=\"\"><\/div><input type=\"hidden\" id=\"pirate_forms_from_widget\" name=\"pirate_forms_from_widget\" class=\"\" placeholder=\"\"  value=\"0\"><input type=\"hidden\" id=\"wordpress-nonce\" name=\"wordpress-nonce\" class=\"\" placeholder=\"\"  value=\"f2850807aa\"><input type=\"hidden\" id=\"pirate_forms_from_form\" name=\"pirate_forms_from_form\" class=\"\" placeholder=\"\"  value=\"f4dc84ead3\">\t\t<\/form>\r\n\r\n\t\r\n\t\t<div class=\"pirate_forms_clearfix\"><\/div>\r\n\t<\/div>\r\n\r\n\t<!-- footer -->\r\n\t\r\n<\/div>\r\n<\/span><\/b><\/p>\n","protected":false},"excerpt":{"rendered":"<p>Queremos ouvir sua opini\u00e3o, sugest\u00e3o, reclama\u00e7\u00e3o ou d\u00favida sobre a Cia Cafund\u00f3. Preencha o formul\u00e1rio abaixo com as informa\u00e7\u00f5es necess\u00e1rias. E se quiser fazer um or\u00e7amento, teremos o maior prazer em fazer parte do seu evento. Atendemos toda a regi\u00e3o do Distrito Federal e entorno. Se preferir ligue agora mesmo ou deixe sua mensagem\u00a0no WhatsApp: [&hellip;]<\/p>\n","protected":false},"author":1,"featured_media":0,"parent":0,"menu_order":0,"comment_status":"closed","ping_status":"closed","template":"","meta":[],"_links":{"self":[{"href":"https:\/\/ciacafundo.com.br\/index.php\/wp-json\/wp\/v2\/pages\/124"}],"collection":[{"href":"https:\/\/ciacafundo.com.br\/index.php\/wp-json\/wp\/v2\/pages"}],"about":[{"href":"https:\/\/ciacafundo.com.br\/index.php\/wp-json\/wp\/v2\/types\/page"}],"author":[{"embeddable":true,"href":"https:\/\/ciacafundo.com.br\/index.php\/wp-json\/wp\/v2\/users\/1"}],"replies":[{"embeddable":true,"href":"https:\/\/ciacafundo.com.br\/index.php\/wp-json\/wp\/v2\/comments?post=124"}],"version-history":[{"count":8,"href":"https:\/\/ciacafundo.com.br\/index.php\/wp-json\/wp\/v2\/pages\/124\/revisions"}],"predecessor-version":[{"id":178,"href":"https:\/\/ciacafundo.com.br\/index.php\/wp-json\/wp\/v2\/pages\/124\/revisions\/178"}],"wp:attachment":[{"href":"https:\/\/ciacafundo.com.br\/index.php\/wp-json\/wp\/v2\/media?parent=124"}],"curies":[{"name":"wp","href":"https:\/\/api.w.org\/{rel}","templated":true}]}}