{"id":345,"date":"2019-05-13T23:02:11","date_gmt":"2019-05-14T02:02:11","guid":{"rendered":"https:\/\/ciacafundo.com.br\/?page_id=345"},"modified":"2019-05-14T00:14:00","modified_gmt":"2019-05-14T03:14:00","slug":"release","status":"publish","type":"page","link":"https:\/\/ciacafundo.com.br\/index.php\/release\/","title":{"rendered":"Release"},"content":{"rendered":"\n<ol><li><strong>Quem somos?<\/strong><br> A Cia Cafund\u00f3, conta e canta hist\u00f3rias desde 2015, embora quase todos os seus membros j\u00e1 estivessem envolvidos com o teatro, com a literatura e com a m\u00fasica h\u00e1 pelo menos quinze anos. Somos encantados pela leitura e acreditamos na for\u00e7a que as artes t\u00eam na promo\u00e7\u00e3o, n\u00e3o s\u00f3 da cultura, bem como da forma\u00e7\u00e3o humana. A arte de contar hist\u00f3ria e de repassar para as novas gera\u00e7\u00f5es as narrativas de povos antigos e de manter viva a cultura, que se deve, tamb\u00e9m, gra\u00e7as \u00e0 oralidade, est\u00e1 dentre os nossos objetivos.<br> Assim, a palavra Cafund\u00f3 \u00e9 aquilo que vem l\u00e1\u00e1\u00e1\u00e1\u00e1 de longe, do fundo da mem\u00f3ria de um povo, de uma civiliza\u00e7\u00e3o, de uma cultura. O colorido do imagin\u00e1rio, propiciado pela leitura \u2013 a hist\u00f3ria, a poesia, a m\u00fasica e a brincadeira \u2013 isso nos comp\u00f5e.<br> Nossa Cia \u00e9 formada por cinco membros, sendo dois deles m\u00fasicos, que fazem a sonoplastia e tocam as m\u00fasicas das hist\u00f3rias e dos brinquedos cantados ao vivo e outros tr\u00eas que cantam e contam as hist\u00f3rias. <\/li><li><strong>O que fazemos?<\/strong><br> A leitura \u00e9 uma falsa a\u00e7\u00e3o solit\u00e1ria, pois nenhum leitor pode se considerar sozinho ao abrir um livro. Assim, a Conta\u00e7\u00e3o de Hist\u00f3rias \u00e9 a materializa\u00e7\u00e3o dessa a\u00e7\u00e3o. Ao ouvir uma hist\u00f3ria contada ou cantada por n\u00f3s, Cia Cafund\u00f3, o ouvinte n\u00e3o \u00e9 s\u00f3 apresentado a quem a est\u00e1 recontando, bem como a quem a criou e a manteve viva de gera\u00e7\u00e3o em gera\u00e7\u00e3o, no caso das hist\u00f3rias mais antigas. N\u00f3s, contadores de hist\u00f3rias, que damos, naquele momento, vida \u00e0quela narrativa e a imagina\u00e7\u00e3o de todos que se conectam aos fios da palavra.<br> A Cia Cafund\u00f3 \u2013 Contadores de Hist\u00f3rias, leva ao p\u00fablico a leveza e a alegria que uma boa hist\u00f3ria tem. S\u00e3o hist\u00f3rias diversas que interagem com a palavra, com a m\u00fasica e com a brincadeira encantando quem participa e proporcionando uma viagem pela imagina\u00e7\u00e3o de cada um.<\/li><li><strong>Como fazemos?<\/strong><br> J\u00e1 levamos bel\u00edssimas apresenta\u00e7\u00f5es para crian\u00e7as e adultos em: festas particulares; parques; empresas; eventos p\u00fablicos; col\u00f4nia de f\u00e9rias; escolas p\u00fablicas e particulares; hospitais e em outros espa\u00e7os. Privilegiamos, em nossas conta\u00e7\u00f5es, hist\u00f3rias de escritores brasileiros, mas tamb\u00e9m recontamos cl\u00e1ssicos e hist\u00f3rias do folclore mundial. Quando a apresenta\u00e7\u00e3o caminha para o final, as crian\u00e7as que est\u00e3o assistindo, todas ou algumas, s\u00e3o sempre convidadas a subirem no palco e a participarem da \u00faltima hist\u00f3ria ou do brinquedo cantado. Tal atividade \u00e9 feita com bastante tranquilidade, respeitando o tamanho do palco e a idade dos pequenos. No t\u00e9rmino de cada hist\u00f3ria, apresentamos em qual livro a hist\u00f3ria foi baseada e seu escritor e se \u00e9 de dom\u00ednio p\u00fablico, sendo passada oralmente at\u00e9 os dias de hoje. Falamos em qual livro a hist\u00f3ria contada foi inspirada, porque um de nossos objetivos \u00e9 fomentar o gosto e a curiosidade pela leitura e pelas artes. Com esse prop\u00f3sito, levamos tamb\u00e9m para quem nos ouve a poesia e a m\u00fasica. Em cada apresenta\u00e7\u00e3o, h\u00e1 sempre boas e envolventes hist\u00f3rias e um brinquedo cantado.<\/li><\/ol>\n","protected":false},"excerpt":{"rendered":"<p>Quem somos? A Cia Cafund\u00f3, conta e canta hist\u00f3rias desde 2015, embora quase todos os seus membros j\u00e1 estivessem envolvidos com o teatro, com a literatura e com a m\u00fasica h\u00e1 pelo menos quinze anos. Somos encantados pela leitura e acreditamos na for\u00e7a que as artes t\u00eam na promo\u00e7\u00e3o, n\u00e3o s\u00f3 da cultura, bem como [&hellip;]<\/p>\n","protected":false},"author":1,"featured_media":0,"parent":0,"menu_order":0,"comment_status":"closed","ping_status":"closed","template":"","meta":[],"_links":{"self":[{"href":"https:\/\/ciacafundo.com.br\/index.php\/wp-json\/wp\/v2\/pages\/345"}],"collection":[{"href":"https:\/\/ciacafundo.com.br\/index.php\/wp-json\/wp\/v2\/pages"}],"about":[{"href":"https:\/\/ciacafundo.com.br\/index.php\/wp-json\/wp\/v2\/types\/page"}],"author":[{"embeddable":true,"href":"https:\/\/ciacafundo.com.br\/index.php\/wp-json\/wp\/v2\/users\/1"}],"replies":[{"embeddable":true,"href":"https:\/\/ciacafundo.com.br\/index.php\/wp-json\/wp\/v2\/comments?post=345"}],"version-history":[{"count":3,"href":"https:\/\/ciacafundo.com.br\/index.php\/wp-json\/wp\/v2\/pages\/345\/revisions"}],"predecessor-version":[{"id":361,"href":"https:\/\/ciacafundo.com.br\/index.php\/wp-json\/wp\/v2\/pages\/345\/revisions\/361"}],"wp:attachment":[{"href":"https:\/\/ciacafundo.com.br\/index.php\/wp-json\/wp\/v2\/media?parent=345"}],"curies":[{"name":"wp","href":"https:\/\/api.w.org\/{rel}","templated":true}]}}